{"id":835,"date":"2015-03-05T14:07:06","date_gmt":"2015-03-05T13:07:06","guid":{"rendered":"http:\/\/www.hah.hr\/?page_id=835"},"modified":"2018-04-16T12:26:57","modified_gmt":"2018-04-16T10:26:57","slug":"odbor-za-zdravlje-i-dobrobit-zivotinja","status":"publish","type":"page","link":"https:\/\/www.hah.hr\/en\/o-hah-u\/znanstveni-odbori\/odbor-za-zdravlje-i-dobrobit-zivotinja\/","title":{"rendered":"Panel on Animal Health and Welfare"},"content":{"rendered":"<p><strong>Tomislav Miku\u0161, DVM,<\/strong> <a href=\"http:\/\/www.veinst.hr\/en\/\">Croatian Veterinary Institute<\/a> &#8211; Chairperson<\/p>\n<p><strong>Assist.Prof.D.Sc\u00a0Sini\u0161a Ozimec,<\/strong> <a href=\"http:\/\/www.pfos.hr\/eng\/index.ph\">Faculty of Agriculture in Osijek<\/a><\/p>\n<p><strong>Prof. D. Sc. Boro Mio\u010d,<\/strong> <a href=\"http:\/\/www.agr.unizg.hr\/\">Faculty of Agronomy, University of Zagreb<\/a><\/p>\n<p><strong>D. Sc. Mario \u0160krivanko,<\/strong><a href=\"http:\/\/www.veinst.hr\/\"> Veterinary Institute Vinkovci &#8211; Croatian Veterinary Institute<\/a><\/p>\n<p><strong>D. Sc. Damir Kapetanovi\u0107,<\/strong> <a href=\"http:\/\/www.irb.hr\/eng\">Ru\u0111er Bo\u0161kovi\u0107 Institute<\/a><\/p>\n<p>Panel Coordinator:<br \/>\n<strong>D. Sc. Dra\u017een Kne\u017eevi\u0107, <b>DVM<\/b><\/strong>, Croatian Food Agency<\/p>\n<p>The Panel on animal health and welfare provides independent scientific opinions and advice on all aspects of animal diseases and animal welfare. Its work mainly concerns food-producing animals, domestic and wild, including aquatic animals. With regard to animal production, in the remit of the Panel also includes feed, which can also cause adverse effects on animal health, and consequently on human health.<\/p>\n<p>&nbsp;<\/p>","protected":false},"excerpt":{"rendered":"","protected":false},"author":1,"featured_media":0,"parent":155,"menu_order":3,"comment_status":"closed","ping_status":"open","template":"","meta":[],"_links":{"self":[{"href":"https:\/\/www.hah.hr\/en\/wp-json\/wp\/v2\/pages\/835"}],"collection":[{"href":"https:\/\/www.hah.hr\/en\/wp-json\/wp\/v2\/pages"}],"about":[{"href":"https:\/\/www.hah.hr\/en\/wp-json\/wp\/v2\/types\/page"}],"author":[{"embeddable":true,"href":"https:\/\/www.hah.hr\/en\/wp-json\/wp\/v2\/users\/1"}],"replies":[{"embeddable":true,"href":"https:\/\/www.hah.hr\/en\/wp-json\/wp\/v2\/comments?post=835"}],"version-history":[{"count":21,"href":"https:\/\/www.hah.hr\/en\/wp-json\/wp\/v2\/pages\/835\/revisions"}],"predecessor-version":[{"id":5812,"href":"https:\/\/www.hah.hr\/en\/wp-json\/wp\/v2\/pages\/835\/revisions\/5812"}],"up":[{"embeddable":true,"href":"https:\/\/www.hah.hr\/en\/wp-json\/wp\/v2\/pages\/155"}],"wp:attachment":[{"href":"https:\/\/www.hah.hr\/en\/wp-json\/wp\/v2\/media?parent=835"}],"curies":[{"name":"wp","href":"https:\/\/api.w.org\/{rel}","templated":true}]}}