{"id":4975,"date":"2017-09-27T09:04:20","date_gmt":"2017-09-27T07:04:20","guid":{"rendered":"http:\/\/www.hah.hr\/?page_id=4975"},"modified":"2017-10-06T13:15:04","modified_gmt":"2017-10-06T11:15:04","slug":"kako-izracunati-hranjive-vrijednosti-hrane-predstavljanje-vodica","status":"publish","type":"page","link":"https:\/\/www.hah.hr\/en\/konferencija-2017\/program\/kako-izracunati-hranjive-vrijednosti-hrane-predstavljanje-vodica\/","title":{"rendered":"How to calculate nutrient content of food?  Presentation of guidelines for food business operators"},"content":{"rendered":"<p>Prof. D. Sc. Daniela \u010ca\u010di\u0107 Kenjeri\u0107<br \/>\n<span class=\"podpodpodtekst\">University Josip Juraj Strossmayer in Osijek, Faculty of Food Technology Osijek<\/span><\/p>\n<p>Adequate food choices can contribute to withold health and vitality throughout the lifecycle. To help general population in healthy choices, producers are obliged to provide consumers with food information in a simple and understandable way. A nutrition declaration is one of the mandatory food information. Due to legislation it can be obtained by manufacturer\u00b4s food analysis, average values based on a calculation from the known or actual average values of ingredients used and\/or a calculation from generally established and accepted data are options for nutrition declaration. To help food producers Guideline for calculating nutrient content for nutrition declaration was published providing a step-by-step explanations. The aim of this presentation is to introduce these guideline and its apllicability.<\/p>\n<p><strong>Keywords<\/strong>: nutrition declaration, calculation by recipe, step-by-step guidelines<\/p>","protected":false},"excerpt":{"rendered":"","protected":false},"author":2,"featured_media":0,"parent":4521,"menu_order":10,"comment_status":"closed","ping_status":"closed","template":"konferencija-2017.php","meta":[],"_links":{"self":[{"href":"https:\/\/www.hah.hr\/en\/wp-json\/wp\/v2\/pages\/4975"}],"collection":[{"href":"https:\/\/www.hah.hr\/en\/wp-json\/wp\/v2\/pages"}],"about":[{"href":"https:\/\/www.hah.hr\/en\/wp-json\/wp\/v2\/types\/page"}],"author":[{"embeddable":true,"href":"https:\/\/www.hah.hr\/en\/wp-json\/wp\/v2\/users\/2"}],"replies":[{"embeddable":true,"href":"https:\/\/www.hah.hr\/en\/wp-json\/wp\/v2\/comments?post=4975"}],"version-history":[{"count":2,"href":"https:\/\/www.hah.hr\/en\/wp-json\/wp\/v2\/pages\/4975\/revisions"}],"predecessor-version":[{"id":5045,"href":"https:\/\/www.hah.hr\/en\/wp-json\/wp\/v2\/pages\/4975\/revisions\/5045"}],"up":[{"embeddable":true,"href":"https:\/\/www.hah.hr\/en\/wp-json\/wp\/v2\/pages\/4521"}],"wp:attachment":[{"href":"https:\/\/www.hah.hr\/en\/wp-json\/wp\/v2\/media?parent=4975"}],"curies":[{"name":"wp","href":"https:\/\/api.w.org\/{rel}","templated":true}]}}