{"id":4952,"date":"2017-09-26T15:22:49","date_gmt":"2017-09-26T13:22:49","guid":{"rendered":"http:\/\/www.hah.hr\/?page_id=4952"},"modified":"2017-09-26T15:22:49","modified_gmt":"2017-09-26T13:22:49","slug":"utjecaj-mjera-ruralnog-razvoja-na-prehrambenu-sigurnost","status":"publish","type":"page","link":"https:\/\/www.hah.hr\/en\/konferencija-2017\/program\/utjecaj-mjera-ruralnog-razvoja-na-prehrambenu-sigurnost\/","title":{"rendered":"Impact of rural development measures on food security"},"content":{"rendered":"<p>Kre\u0161imir Ivan\u010di\u0107, M.Sc.<br \/>\n<span class=\"podpodpodtekst\">Ministry of Agriculture, Zagreb, Croatia<\/span><\/p>\n<p>The Ministry of Agriculture draw up the Rural Development Programme of the Republic of Croatia 2014 to 2020, with the budget over 2 billion euros.<\/p>\n<p>Investments in modernization of the agri-food sector through rural development measure have influence on food safety.<\/p>\n<p>Improvement of technological processes by introducing new technologies will contribute to reduction of energy consumption and negative environmental impacts, while ensuring the protection of humans, animals and plants health.<\/p>\n<p>Due to the fast development of technology, it is necessary to provide farmers lifelong learning and professional training to acquire new knowledge and skills that will have influence on food quality and safety.<\/p>\n<p>Modernization of agricultural production and processing will, in addition to improving the quality and safety of food, result in stronger competitiveness and higher income of agricultural holdings.<\/p>\n<p>The improvement of agricultural products\u2019 quality is directly connected with the possibility of quality labels registration, which enables their easier placement on the market and an increasement of their added value.<\/p>\n<p>Keywords: Rural Development Programme, Measure, Food Safety<\/p>","protected":false},"excerpt":{"rendered":"","protected":false},"author":2,"featured_media":0,"parent":4521,"menu_order":5,"comment_status":"closed","ping_status":"closed","template":"konferencija-2017.php","meta":[],"_links":{"self":[{"href":"https:\/\/www.hah.hr\/en\/wp-json\/wp\/v2\/pages\/4952"}],"collection":[{"href":"https:\/\/www.hah.hr\/en\/wp-json\/wp\/v2\/pages"}],"about":[{"href":"https:\/\/www.hah.hr\/en\/wp-json\/wp\/v2\/types\/page"}],"author":[{"embeddable":true,"href":"https:\/\/www.hah.hr\/en\/wp-json\/wp\/v2\/users\/2"}],"replies":[{"embeddable":true,"href":"https:\/\/www.hah.hr\/en\/wp-json\/wp\/v2\/comments?post=4952"}],"version-history":[{"count":1,"href":"https:\/\/www.hah.hr\/en\/wp-json\/wp\/v2\/pages\/4952\/revisions"}],"predecessor-version":[{"id":4953,"href":"https:\/\/www.hah.hr\/en\/wp-json\/wp\/v2\/pages\/4952\/revisions\/4953"}],"up":[{"embeddable":true,"href":"https:\/\/www.hah.hr\/en\/wp-json\/wp\/v2\/pages\/4521"}],"wp:attachment":[{"href":"https:\/\/www.hah.hr\/en\/wp-json\/wp\/v2\/media?parent=4952"}],"curies":[{"name":"wp","href":"https:\/\/api.w.org\/{rel}","templated":true}]}}