{"id":3944,"date":"2017-02-03T13:05:27","date_gmt":"2017-02-03T12:05:27","guid":{"rendered":"http:\/\/www.hah.hr\/?page_id=3944"},"modified":"2018-02-07T10:42:30","modified_gmt":"2018-02-07T09:42:30","slug":"godisnja-izvjesca-o-provedbi-zppi","status":"publish","type":"page","link":"https:\/\/www.hah.hr\/en\/godisnja-izvjesca-o-provedbi-zppi\/","title":{"rendered":"Godi\u0161nja izvje\u0161\u0107a o provedbi ZPPI"},"content":{"rendered":"<p class=\"qtranxs-available-languages-message qtranxs-available-languages-message-en\">Sorry, this entry is only available in english.<\/p>","protected":false},"excerpt":{"rendered":"","protected":false},"author":2,"featured_media":0,"parent":0,"menu_order":20,"comment_status":"closed","ping_status":"closed","template":"","meta":[],"_links":{"self":[{"href":"https:\/\/www.hah.hr\/en\/wp-json\/wp\/v2\/pages\/3944"}],"collection":[{"href":"https:\/\/www.hah.hr\/en\/wp-json\/wp\/v2\/pages"}],"about":[{"href":"https:\/\/www.hah.hr\/en\/wp-json\/wp\/v2\/types\/page"}],"author":[{"embeddable":true,"href":"https:\/\/www.hah.hr\/en\/wp-json\/wp\/v2\/users\/2"}],"replies":[{"embeddable":true,"href":"https:\/\/www.hah.hr\/en\/wp-json\/wp\/v2\/comments?post=3944"}],"version-history":[{"count":0,"href":"https:\/\/www.hah.hr\/en\/wp-json\/wp\/v2\/pages\/3944\/revisions"}],"wp:attachment":[{"href":"https:\/\/www.hah.hr\/en\/wp-json\/wp\/v2\/media?parent=3944"}],"curies":[{"name":"wp","href":"https:\/\/api.w.org\/{rel}","templated":true}]}}