{"id":32,"date":"2014-10-10T19:30:22","date_gmt":"2014-10-10T18:30:22","guid":{"rendered":"http:\/\/www.hah.hr\/?page_id=32"},"modified":"2017-11-29T10:49:56","modified_gmt":"2017-11-29T09:49:56","slug":"tablica-za-godisnje-izvjesce-sluzbenih-laboratorija","status":"publish","type":"page","link":"https:\/\/www.hah.hr\/en\/tablica-za-godisnje-izvjesce-sluzbenih-laboratorija\/","title":{"rendered":"Godi\u0161nja izvje\u0161\u0107a slu\u017ebenih laboratorija"},"content":{"rendered":"<p class=\"qtranxs-available-languages-message qtranxs-available-languages-message-en\">Sorry, this entry is only available in english.<\/p>","protected":false},"excerpt":{"rendered":"","protected":false},"author":1,"featured_media":0,"parent":0,"menu_order":13,"comment_status":"closed","ping_status":"closed","template":"","meta":[],"_links":{"self":[{"href":"https:\/\/www.hah.hr\/en\/wp-json\/wp\/v2\/pages\/32"}],"collection":[{"href":"https:\/\/www.hah.hr\/en\/wp-json\/wp\/v2\/pages"}],"about":[{"href":"https:\/\/www.hah.hr\/en\/wp-json\/wp\/v2\/types\/page"}],"author":[{"embeddable":true,"href":"https:\/\/www.hah.hr\/en\/wp-json\/wp\/v2\/users\/1"}],"replies":[{"embeddable":true,"href":"https:\/\/www.hah.hr\/en\/wp-json\/wp\/v2\/comments?post=32"}],"version-history":[{"count":6,"href":"https:\/\/www.hah.hr\/en\/wp-json\/wp\/v2\/pages\/32\/revisions"}],"predecessor-version":[{"id":1285,"href":"https:\/\/www.hah.hr\/en\/wp-json\/wp\/v2\/pages\/32\/revisions\/1285"}],"wp:attachment":[{"href":"https:\/\/www.hah.hr\/en\/wp-json\/wp\/v2\/media?parent=32"}],"curies":[{"name":"wp","href":"https:\/\/api.w.org\/{rel}","templated":true}]}}