{"id":3192,"date":"2016-09-07T13:17:23","date_gmt":"2016-09-07T12:17:23","guid":{"rendered":"http:\/\/www.hah.hr\/?page_id=3192"},"modified":"2016-10-12T11:52:03","modified_gmt":"2016-10-12T10:52:03","slug":"program","status":"publish","type":"page","link":"https:\/\/www.hah.hr\/en\/wfd2016\/program\/","title":{"rendered":"Program"},"content":{"rendered":"<p><\/p>\n<div id=\"dan-jedan\">\n<div class=\"row bg-headline\" style=\"text-align: center;\"><\/div>\n<div class=\"row bg-headline\"><strong>THURSDAY, 13TH OCTOBER 2016<\/strong><\/div>\n<div class=\"row bold-row \">\n<div class=\"col-1\" style=\"text-align: center;\">18:00<\/div>\n<div class=\"col-2\">Documentary screening \u201c10 BILLION &#8211; WHAT&#8217;S ON YOUR PLATE?\u201d, Urania Cinema, Osijek<\/div>\n<\/div>\n<div class=\"row bg-headline\"><\/div>\n<\/div>\n<div id=\"dan-dva\">\n<div class=\"row bg-headline\"><strong>FRIDAY, 14TH OCTOBER 2016.<\/strong><\/div>\n<div style=\"background-color: #485d88; display: flex; height: 40px; text-align: center;\"><strong style=\"color: white;\">INTERNATIONAL CONFERENCE: CLIMATE IS CHANGING. FOOD AND AGRICULTURE MUST TOO., Aula Magna, Faculty of Agriculture, Osijek<\/strong><\/div>\n<div class=\"row bold-row bg-row\">\n<div class=\"col-1\">09:30 \u2013 10:00<\/div>\n<div class=\"col-2\">Registration<\/div>\n<\/div>\n<div class=\"row bold-row bg-row\">\n<div class=\"col-1\">10:00 \u2013 10:30<\/div>\n<div class=\"col-2\">OPENING WORDS<\/div>\n<\/div>\n<div class=\"row\">\n<div class=\"col-1 hidden\">10:00 &#8211; 10:30<\/div>\n<div class=\"col-2\">\n<ul>\n<ul>\n<li>National anthem, Vocal Ensemble <strong>\u201cBrevis\u201c<\/strong><\/li>\n<li><strong>Andrea Gross Bo\u0161kovi\u0107,<\/strong> Director of the Croatian Food Agency (HAH)<\/li>\n<li><strong>Denis Ambru\u0161,<\/strong> Deputy Mayor of City of Osijek<\/li>\n<li><strong>\u017deljko Kralji\u010dak,<\/strong> Deputy County Prefect of the Osijek Baranja County<\/li>\n<li><strong>Reuben Sessa,<\/strong> Climate Change Ofcer, FAO Regional Ofce for Europe and<br \/>\nCentral Asia<\/li>\n<li><strong>Ru\u017eica Pali\u0107 Kramari\u0107,<\/strong> Assistant Minister, Ministry of Health<\/li>\n<li><strong>Tomislav Ki\u0161,<\/strong> Assistant Minister, Ministry of Agriculture<\/li>\n<\/ul>\n<\/ul>\n<p><!--\n\t\n\n<li><strong>Prof. D.Sc. Davor Romi\u0107,<\/strong> Minister of Agriculture of the Republic of Croatia<\/strong> (tbc)<\/li>\n\n\n\t\n\n<li><strong>Kolinda Grabar Kitarovi\u0107,<\/strong> President of the Republic of Croatia (tbc)<\/li>\n\n\n--><\/p>\n<\/div>\n<\/div>\n<div class=\"row bold-row ikona kava\">\n<div class=\"col-1\">10:30 \u2013 11:00<\/div>\n<div class=\"col-2\">Coffe and tea break + press statements<\/div>\n<\/div>\n<div class=\"row bold-row bg-row\">\n<div class=\"col-1\">11:00 &#8211; 12:40<\/div>\n<div class=\"col-2\"><span style=\"text-decoration: underline;\">PLENARY SESSION, PART I<\/span><\/div>\n<\/div>\n<div class=\"row\">\n<div class=\"col-1\">11:00 \u2013 11:20<\/div>\n<div class=\"col-2\"><strong>CLIMATE SMART AGRICULTURE \u2013 SUSTAINABLE DEVELOPMENT IN A CHANGING CLIMATE<\/strong>, <strong>D.Sc. Reuben Sessa,<\/strong> Climate Change and Energy Coordinator for Europe and Central Asia, FAO Regional Office for Europe and Central Asia, Budapest, Hungary<\/div>\n<\/div>\n<div class=\"row\">\n<div class=\"col-1\">11:20 \u2013 11:40<\/div>\n<div class=\"col-2\"><strong>20 YEARS AFTER WORLD FOOD SUMMIT, ROME 1996: FROM \u201cFOOD FOR ALL!\u201d TO CARBON BALANCE IN <\/strong><strong>THE SOIL AS A GUIDELINE OF SUSTAINABLE FARMING IN CHANGED CLIMATIC CONDITIONS<\/strong>\u00a0\u2013\u00a0<strong>Academician Ferdo Ba\u0161i\u0107,<\/strong> Prof. Emeritus, Croatian Academy of Sciences and Arts, participant of the WFS, Faculty of Agriculture, University of Zagreb, Croatia<\/div>\n<\/div>\n<div class=\"row\">\n<div class=\"col-1\">11:40 \u2013 12:00<\/div>\n<div class=\"col-2\"><strong>CLIMATE CHANGE AS POTENTIAL DRIVER OF EMERGING RISKS FOR FOOD SAFETY<\/strong> \u2013 <strong>Angelo Maggiore<\/strong>, Officer, Scientific Committee and Emerging Risks Unit, EFSA, Parma, Italy<\/div>\n<\/div>\n<div class=\"row\">\n<div class=\"col-1\">12:00 \u2013 12:20<\/div>\n<div class=\"col-2\"><strong>CLIMATE CHANGES AND MYCOTOXINS &#8211; A CHALLENGE IN CREATING POLICY AND LEGISLATION<\/strong>\u00a0\u2013\u00a0<b>Ana Marija Crni\u0107, <\/b>M.Sc.,<b> <\/b>Head of State and Border Sanitary Inspection Sector, Directorate for Health Improvement, Ministry of Health, Zagreb, Croatia<\/div>\n<\/div>\n<div class=\"row\">\n<div class=\"col-1\">12:20 \u2013 12:40<\/div>\n<div class=\"col-2\"><strong>DISCUSSION<\/strong><\/div>\n<\/div>\n<div class=\"row bold-row ikona kava\">\n<div class=\"col-1\">12:40 \u2013 13:00<\/div>\n<div class=\"col-2\">Coffe and tea break<\/div>\n<\/div>\n<div class=\"row bold-row bg-row\">\n<div class=\"col-1\">13:00 \u2013 15:00<\/div>\n<div class=\"col-2\"><span style=\"text-decoration: underline;\">PLENARY SESSION, PART II<\/span><\/div>\n<\/div>\n<div class=\"row\">\n<div class=\"col-1\">13:00 \u2013 13:20<\/div>\n<div class=\"col-2\"><strong>ADAPTING TO CLIMATE CHANGES &#8211; ACTIVITIES ON EUROPEAN AND NATIONAL LEVEL<\/strong> &#8211;\u00a0<strong>\u017dana Po\u010du\u010da,<\/strong> M.Sc., Senior Expert Advisor, Directorate For Climate Activities, Sustainable Development And Protection Of Soil, Air And Sea, Ministry of Environmental and Nature Protection, Zagreb, Croatia<\/div>\n<\/div>\n<div class=\"row\">\n<div class=\"col-1\">13:20 \u2013 13:40<\/div>\n<div class=\"col-2\"><strong>THE ROLE OF THE METEOROLOGICAL SERVICE IN ADAPTING AGRICULTURAL PRODUCTION TO CLIMATE CHANGES AND WEATHER EXTREMES<\/strong>, <strong>D.Sc. Branka Ivan\u010dan &#8211; Picek,<\/strong> Assistant Director, Meteorological and Hydrological Service (MHSC), Zagreb, Croatia<\/div>\n<\/div>\n<div class=\"row\">\n<div class=\"col-1\">13:40 \u2013 14:00<\/div>\n<div class=\"col-2\"><strong>HEALTH AND ECONOMICAL CONSEQUENCES OF VECTOR-BORNE DISEASES &#8211; THE IMPACT OF CLIMATE CHANGES?<\/strong> &#8211;\u00a0<strong>Tomislav Ki\u0161,<\/strong> DVM, Assistant Minister for Vetenary and Food Safety, Ministry of Agriculture, Zagreb, Croatia<\/div>\n<\/div>\n<div class=\"row\">\n<div class=\"col-1\">14:00 \u2013 14:20<\/div>\n<div class=\"col-2\"><strong>ADAPTING AGRICULTURE TO CLIMATE CHANGE \u2013 WHAT SHOULD BE DONE?<\/strong>\u00a0&#8211;\u00a0<strong>Prof. D.Sc. Danijel Jug,<\/strong> Faculty of Agriculture, Osijek, Croatia<\/div>\n<\/div>\n<div class=\"row\">\n<div class=\"col-1\">14:20 \u2013 14:40<\/div>\n<div class=\"col-2\"><strong>EDIBLE INSECTS AS FOOD AND FEED FOR NUTRITION \u2013 NEW CHALLENGES<\/strong> &#8211;\u00a0<strong>Andrea Gross Bo\u0161kovi\u0107, M.Sc.,<\/strong> Director, Croatian Food Agency, Osijek, Croatia<\/div>\n<\/div>\n<div class=\"row\">\n<div class=\"col-1\">14:40 \u2013 15:00<\/div>\n<div class=\"col-2\"><strong>DISCUSSION AND CLOSURE OF THE CONFERENCE<\/strong><\/div>\n<\/div>\n<div class=\"row bold-row ikona rucak\">\n<div class=\"col-1\">15:00<\/div>\n<div class=\"col-2\">LUNCH<\/div>\n<\/div>\n<div class=\"row bg-headline\"><\/div>\n<\/div>\n<div style=\"text-align: center;\"><span id=\"result_box\" class=\"short_text\" lang=\"en\">The conference program <span class=\"\">can be downloaded<\/span><\/span> <a href=\"http:\/\/www.hah.hr\/wp-content\/uploads\/2016\/09\/poziv-eng-11-10.pdf\" target=\"_blank\">here<\/a>.<\/div>\n<p><\/p>","protected":false},"excerpt":{"rendered":"","protected":false},"author":2,"featured_media":0,"parent":3096,"menu_order":3,"comment_status":"closed","ping_status":"closed","template":"wfd2016.php","meta":[],"_links":{"self":[{"href":"https:\/\/www.hah.hr\/en\/wp-json\/wp\/v2\/pages\/3192"}],"collection":[{"href":"https:\/\/www.hah.hr\/en\/wp-json\/wp\/v2\/pages"}],"about":[{"href":"https:\/\/www.hah.hr\/en\/wp-json\/wp\/v2\/types\/page"}],"author":[{"embeddable":true,"href":"https:\/\/www.hah.hr\/en\/wp-json\/wp\/v2\/users\/2"}],"replies":[{"embeddable":true,"href":"https:\/\/www.hah.hr\/en\/wp-json\/wp\/v2\/comments?post=3192"}],"version-history":[{"count":15,"href":"https:\/\/www.hah.hr\/en\/wp-json\/wp\/v2\/pages\/3192\/revisions"}],"predecessor-version":[{"id":3446,"href":"https:\/\/www.hah.hr\/en\/wp-json\/wp\/v2\/pages\/3192\/revisions\/3446"}],"up":[{"embeddable":true,"href":"https:\/\/www.hah.hr\/en\/wp-json\/wp\/v2\/pages\/3096"}],"wp:attachment":[{"href":"https:\/\/www.hah.hr\/en\/wp-json\/wp\/v2\/media?parent=3192"}],"curies":[{"name":"wp","href":"https:\/\/api.w.org\/{rel}","templated":true}]}}