{"id":2713,"date":"2016-01-25T10:44:05","date_gmt":"2016-01-25T09:44:05","guid":{"rendered":"http:\/\/www.hah.hr\/?page_id=2713"},"modified":"2018-02-14T15:36:00","modified_gmt":"2018-02-14T14:36:00","slug":"najcesca-pitanja","status":"publish","type":"page","link":"https:\/\/www.hah.hr\/en\/ostvarivanje-prava-na-pristup-informacijama\/najcesca-pitanja\/","title":{"rendered":"Naj\u010de\u0161\u0107a pitanja"},"content":{"rendered":"<p class=\"qtranxs-available-languages-message qtranxs-available-languages-message-en\">Sorry, this entry is only available in english.<\/p>","protected":false},"excerpt":{"rendered":"","protected":false},"author":2,"featured_media":0,"parent":21,"menu_order":3,"comment_status":"closed","ping_status":"closed","template":"","meta":[],"_links":{"self":[{"href":"https:\/\/www.hah.hr\/en\/wp-json\/wp\/v2\/pages\/2713"}],"collection":[{"href":"https:\/\/www.hah.hr\/en\/wp-json\/wp\/v2\/pages"}],"about":[{"href":"https:\/\/www.hah.hr\/en\/wp-json\/wp\/v2\/types\/page"}],"author":[{"embeddable":true,"href":"https:\/\/www.hah.hr\/en\/wp-json\/wp\/v2\/users\/2"}],"replies":[{"embeddable":true,"href":"https:\/\/www.hah.hr\/en\/wp-json\/wp\/v2\/comments?post=2713"}],"version-history":[{"count":0,"href":"https:\/\/www.hah.hr\/en\/wp-json\/wp\/v2\/pages\/2713\/revisions"}],"up":[{"embeddable":true,"href":"https:\/\/www.hah.hr\/en\/wp-json\/wp\/v2\/pages\/21"}],"wp:attachment":[{"href":"https:\/\/www.hah.hr\/en\/wp-json\/wp\/v2\/media?parent=2713"}],"curies":[{"name":"wp","href":"https:\/\/api.w.org\/{rel}","templated":true}]}}