{"id":2342,"date":"2015-10-14T11:27:33","date_gmt":"2015-10-14T10:27:33","guid":{"rendered":"http:\/\/www.hah.hr\/?page_id=2342"},"modified":"2018-05-17T15:23:41","modified_gmt":"2018-05-17T13:23:41","slug":"radna-grupa-za-zoonoze","status":"publish","type":"page","link":"https:\/\/www.hah.hr\/en\/o-hah-u\/radna-grupa-za-zoonoze\/","title":{"rendered":"Working group on zoonoses"},"content":{"rendered":"<p><span lang=\"en-US\">HAH\u2019s Working group on zoonoses has been formed in 2014. In this way, a collaboration of all stakeholders involved in the monitoring and control of the zoonoses in the Republic of Croatia was achieved. The working group is engaged in collecting, analyzing and publishing of data about sources and detection methods of spreading zoonotic infection in humans, the extent of the appearance of zoonoses and zoonotic agents, the emergence of antimicrobial resistance, conducting epidemiological (epizootic) research, following information about diseases prevention and suppression and international cooperation as well as involvement in research programs (eg. Mediterranean Zoonoses Control Programme (MZCP) of the World Health Organization).<\/span><\/p>\n<p>&nbsp;<\/p>\n<p><span lang=\"en-US\">Members of working group and their replacements <\/span><\/p>\n<p><span lang=\"en-US\"><b>Prof. D. Sc<\/b><\/span><span style=\"color: #7f7e7e;\"><span lang=\"en-US\"><b>.<\/b><\/span><\/span> <span lang=\"en-US\"><b>Estella Prukner Radov\u010di\u0107<\/b><\/span><span lang=\"en-US\">, <a href=\"http:\/\/www-staro.vef.unizg.hr\/en\/\">Faculty of Veterinary Medicine, University of Zagreb<\/a>, Chair<\/span><\/p>\n<p><span lang=\"en-US\"><b>Damir Rudan<\/b><\/span><span lang=\"en-US\">, DVM \/ <\/span><span lang=\"en-US\"><b>Damir Tu\u0111an<\/b><\/span><span lang=\"en-US\">, DVM, <a href=\"http:\/\/www.mps.hr\/default.aspx?id=5340\">Ministry of Agriculture<\/a> <\/span><\/p>\n<p><span lang=\"en-US\"><b>Spomenka Uremovi\u0107<\/b><\/span><span lang=\"en-US\">, MD, <a href=\"https:\/\/zdravlje.gov.hr\/?impaired=0\">Ministry of Health<\/a> \/ <\/span><span lang=\"en-US\"><b>Diana Brlek Gorski<\/b><\/span><span lang=\"en-US\">, MD and <\/span><span lang=\"en-US\"><b>Pavle Jeli\u010di\u0107<\/b><\/span><span lang=\"en-US\">, MD, <a href=\"http:\/\/www.hzjz.hr\/english\/\">Croatian National Institute of Public Health<\/a><\/span><\/p>\n<p><span lang=\"en-US\"><b>D. Sc.<\/b><\/span> <span lang=\"en-US\"><b>Silvio \u0160pi\u010di\u0107<\/b><\/span><span lang=\"en-US\"> \/ <\/span><span lang=\"en-US\"><b>D. Sc.<\/b><\/span> <span lang=\"en-US\"><b>Gordan Kompes<\/b><\/span><span lang=\"en-US\">, <a href=\"http:\/\/www.veinst.hr\/en\/\">Croatian Veterinary Institute<\/a> <\/span><\/p>\n<p><span lang=\"en-US\"><b>D.Sc. Sanja Kure\u010di\u0107 Filipovi\u0107<\/b><\/span><span lang=\"en-US\"> \/ <\/span><span lang=\"en-US\"><b>Iva Pem Novosel, MD, <\/b><\/span><span lang=\"en-US\"><a href=\"http:\/\/www.hzjz.hr\/english\/\">Croatian National Institute of Public Health<\/a> <\/span><\/p>\n<p><span lang=\"en-US\"><b>Prof. D. Sc<\/b><\/span><span lang=\"en-US\">. <\/span><span lang=\"en-US\"><b>Vesna Dobrani\u0107<\/b><\/span><span lang=\"en-US\"> \/ <\/span><span lang=\"en-US\"><b>Doc. D. Sc.<\/b><\/span> <span lang=\"en-US\"><b>Nevijo Zdolec<\/b><\/span><span lang=\"en-US\">, <a href=\"http:\/\/www-staro.vef.unizg.hr\/en\/\">Faculty of Veterinary Medicine, University of Zagreb<\/a> <\/span><\/p>\n<p>&nbsp;<\/p>\n<p>&nbsp;<\/p>\n<p><span lang=\"en-US\">Coordinator: <\/span><\/p>\n<p><strong><span lang=\"en-US\">D. Sc. Brigita Hengl,<\/span><\/strong><span lang=\"en-US\">\u00a0<\/span><span lang=\"en-US\">DVM<\/span><span lang=\"en-US\">, Croatian Food Agency<\/span><\/p>\n<p>&nbsp;<\/p>\n<p><span lang=\"en-US\"><b>D. Sc. Dra\u017een Kne\u017eevi\u0107<\/b><\/span><span lang=\"en-US\"> (Croatian Food Agency) participates in this working group as a representative of EFSA\u2019s Scientific Network for Zoonoses Monitoring data.<\/span><\/p>","protected":false},"excerpt":{"rendered":"","protected":false},"author":3,"featured_media":0,"parent":124,"menu_order":6,"comment_status":"closed","ping_status":"closed","template":"","meta":[],"_links":{"self":[{"href":"https:\/\/www.hah.hr\/en\/wp-json\/wp\/v2\/pages\/2342"}],"collection":[{"href":"https:\/\/www.hah.hr\/en\/wp-json\/wp\/v2\/pages"}],"about":[{"href":"https:\/\/www.hah.hr\/en\/wp-json\/wp\/v2\/types\/page"}],"author":[{"embeddable":true,"href":"https:\/\/www.hah.hr\/en\/wp-json\/wp\/v2\/users\/3"}],"replies":[{"embeddable":true,"href":"https:\/\/www.hah.hr\/en\/wp-json\/wp\/v2\/comments?post=2342"}],"version-history":[{"count":11,"href":"https:\/\/www.hah.hr\/en\/wp-json\/wp\/v2\/pages\/2342\/revisions"}],"predecessor-version":[{"id":5924,"href":"https:\/\/www.hah.hr\/en\/wp-json\/wp\/v2\/pages\/2342\/revisions\/5924"}],"up":[{"embeddable":true,"href":"https:\/\/www.hah.hr\/en\/wp-json\/wp\/v2\/pages\/124"}],"wp:attachment":[{"href":"https:\/\/www.hah.hr\/en\/wp-json\/wp\/v2\/media?parent=2342"}],"curies":[{"name":"wp","href":"https:\/\/api.w.org\/{rel}","templated":true}]}}