{"id":1512,"date":"2015-06-02T08:52:03","date_gmt":"2015-06-02T07:52:03","guid":{"rendered":"http:\/\/www.hah.hr\/?page_id=1512"},"modified":"2015-09-30T07:11:11","modified_gmt":"2015-09-30T06:11:11","slug":"organizator","status":"publish","type":"page","link":"https:\/\/www.hah.hr\/en\/konferencija\/organizator\/","title":{"rendered":"Organizer"},"content":{"rendered":"<p>Organized by Croatian Food Agency (HAH) and supported by European Food Safety Authority (EFSA) and Food and Agriculture Organization of the United Nations (FAO), under the auspices of the President of the Republic of Croatia, Kolinda Grabar Kitarovi\u0107 and <span lang=\"EN-US\">under the patronage of the Ministry of Agriculture and Ministry of Health of the Republic of Croatia.<\/span><\/p>\n<p><b>Organizing Committee:<\/b><\/p>\n<p><span lang=\"EN-US\">Andrea Gross-Bo\u0161kovi\u0107, Master of food tech. and biotech., HAH \u2013 president<\/span><br \/>\nDr Mirjana Matau\u0161i\u0107 Pi\u0161l, DVM, Ministry of Agriculture<br \/>\nDanijela Bo\u017ei\u010dnik, prof., Ministry of Agriculture<br \/>\nMarina Deur, MSc, Ministry of Agriculture<br \/>\nProf dr Mirjana Hru\u0161kar, Faculty of Food Technology and Biotechnology University of Zagreb<br \/>\nProf dr Vlado Guberac, Faculty of Agriculture in Osijek<br \/>\nProf dr Drago \u0160ubari\u0107, Faculty of Food Technology Osijek<br \/>\nProf dr Lidija Koza\u010dinski, Faculty of Veterinary Medicine, University of Zagreb<br \/>\nProf dr Irena Coli\u0107 Bari\u0107, Faculty of Food Technology and Biotechnology, University of Zagreb<br \/>\nSara Mikrut Vunjak, LLM, HAH<br \/>\nDr Brigita Hengl, DVM, HAH<br \/>\nDr Darja Sokoli\u0107, HAH<\/p>\n<p><strong>Secretariat:<\/strong><\/p>\n<p><span lang=\"EN-US\">Vlatka Buzjak Slu\u017eek, Master of food tech., HAH<br \/>\nKsenija Bistrovi\u0107, spec. admin. publ., HAH<br \/>\nJasenka Petri\u0107, MSc, HAH<br \/>\nMarina \u0160tulina Babi\u0107, mag. univ. spec. oec., HAH<\/span><\/p>","protected":false},"excerpt":{"rendered":"","protected":false},"author":3,"featured_media":0,"parent":1479,"menu_order":1,"comment_status":"closed","ping_status":"open","template":"konferencija.php","meta":[],"_links":{"self":[{"href":"https:\/\/www.hah.hr\/en\/wp-json\/wp\/v2\/pages\/1512"}],"collection":[{"href":"https:\/\/www.hah.hr\/en\/wp-json\/wp\/v2\/pages"}],"about":[{"href":"https:\/\/www.hah.hr\/en\/wp-json\/wp\/v2\/types\/page"}],"author":[{"embeddable":true,"href":"https:\/\/www.hah.hr\/en\/wp-json\/wp\/v2\/users\/3"}],"replies":[{"embeddable":true,"href":"https:\/\/www.hah.hr\/en\/wp-json\/wp\/v2\/comments?post=1512"}],"version-history":[{"count":20,"href":"https:\/\/www.hah.hr\/en\/wp-json\/wp\/v2\/pages\/1512\/revisions"}],"predecessor-version":[{"id":2280,"href":"https:\/\/www.hah.hr\/en\/wp-json\/wp\/v2\/pages\/1512\/revisions\/2280"}],"up":[{"embeddable":true,"href":"https:\/\/www.hah.hr\/en\/wp-json\/wp\/v2\/pages\/1479"}],"wp:attachment":[{"href":"https:\/\/www.hah.hr\/en\/wp-json\/wp\/v2\/media?parent=1512"}],"curies":[{"name":"wp","href":"https:\/\/api.w.org\/{rel}","templated":true}]}}