{"id":151,"date":"2015-01-28T16:12:24","date_gmt":"2015-01-28T15:12:24","guid":{"rendered":"http:\/\/www.hah.hr\/?page_id=151"},"modified":"2018-03-02T10:35:17","modified_gmt":"2018-03-02T09:35:17","slug":"savjetodavno-vijece","status":"publish","type":"page","link":"https:\/\/www.hah.hr\/en\/o-hah-u\/savjetodavno-vijece\/","title":{"rendered":"Advisory Committee"},"content":{"rendered":"<p><strong>Members of the HAH\u2019s Advisory Committee<\/strong><\/p>\n<p><strong>D. Sc. Sanja Kolari\u0107 Kravar,<\/strong> <a href=\"http:\/\/www.mps.hr\/default.aspx?id=5340\">Ministry of Agriculture<\/a><\/p>\n<p><strong>Ru\u017eica Vazdar, B. Sc.<\/strong>,\u00a0<a href=\"http:\/\/www.zdravlje.hr\/en\/ministry\">Ministry of Health<\/a><\/p>\n<p><strong>Marija Vihovanec, B. Sc.<\/strong>,\u00a0<a href=\"http:\/\/www.mzoip.hr\/en\/\">Ministry of Environmental and Nature Protection<\/a><\/p>\n<p><strong>Irena Martinis,\u00a0M. Sc.<\/strong>,\u00a0<a href=\"http:\/\/www.kbd.hr\/\">University Hospital Dubrava<\/a><\/p>\n<p><strong>D. Sc. Svjetlana \u0160krabal<\/strong>,\u00a0<a href=\"http:\/\/www.zvecevo.hr\/en\/\">Zve\u010devo, d.d.<\/a><\/p>\n<p><strong>D. Sc. Jasna \u010ca\u010di\u0107<\/strong>,\u00a0<a href=\"http:\/\/www.giupp.hr\/hr\/o-udruzenju-3\/english\/\">Croatian\u00a0EconomicAssociationofDrinkProducers<\/a><\/p>\n<p><strong>Branka Lackovi\u0107, M. Ec.,<\/strong><a href=\"http:\/\/www.potrosac-os.hr\/\">\u00a0<\/a><a href=\"http:\/\/www.potrosac-os.hr\/\">\u201ePotro\u0161a\u010dki forum\u201c Association for the Promotionand Protection of Citizens Consumer Rights<\/a><\/p>","protected":false},"excerpt":{"rendered":"","protected":false},"author":1,"featured_media":0,"parent":124,"menu_order":13,"comment_status":"closed","ping_status":"open","template":"","meta":[],"_links":{"self":[{"href":"https:\/\/www.hah.hr\/en\/wp-json\/wp\/v2\/pages\/151"}],"collection":[{"href":"https:\/\/www.hah.hr\/en\/wp-json\/wp\/v2\/pages"}],"about":[{"href":"https:\/\/www.hah.hr\/en\/wp-json\/wp\/v2\/types\/page"}],"author":[{"embeddable":true,"href":"https:\/\/www.hah.hr\/en\/wp-json\/wp\/v2\/users\/1"}],"replies":[{"embeddable":true,"href":"https:\/\/www.hah.hr\/en\/wp-json\/wp\/v2\/comments?post=151"}],"version-history":[{"count":11,"href":"https:\/\/www.hah.hr\/en\/wp-json\/wp\/v2\/pages\/151\/revisions"}],"predecessor-version":[{"id":5678,"href":"https:\/\/www.hah.hr\/en\/wp-json\/wp\/v2\/pages\/151\/revisions\/5678"}],"up":[{"embeddable":true,"href":"https:\/\/www.hah.hr\/en\/wp-json\/wp\/v2\/pages\/124"}],"wp:attachment":[{"href":"https:\/\/www.hah.hr\/en\/wp-json\/wp\/v2\/media?parent=151"}],"curies":[{"name":"wp","href":"https:\/\/api.w.org\/{rel}","templated":true}]}}