{"id":1083,"date":"2015-03-11T08:40:23","date_gmt":"2015-03-11T07:40:23","guid":{"rendered":"http:\/\/www.hah.hr\/?page_id=1083"},"modified":"2017-09-19T13:32:23","modified_gmt":"2017-09-19T11:32:23","slug":"voce-i-povrce-proizvodi-od-voca-i-povrca-gljive","status":"publish","type":"page","link":"https:\/\/www.hah.hr\/en\/sigurnost-hrane\/voce-i-povrce-proizvodi-od-voca-i-povrca-gljive\/","title":{"rendered":"Vo\u0107e i povr\u0107e, proizvodi od vo\u0107a i povr\u0107a, gljive.."},"content":{"rendered":"<p class=\"qtranxs-available-languages-message qtranxs-available-languages-message-en\">Sorry, this entry is only available in english.<\/p>","protected":false},"excerpt":{"rendered":"","protected":false},"author":1,"featured_media":0,"parent":128,"menu_order":4,"comment_status":"closed","ping_status":"closed","template":"","meta":[],"_links":{"self":[{"href":"https:\/\/www.hah.hr\/en\/wp-json\/wp\/v2\/pages\/1083"}],"collection":[{"href":"https:\/\/www.hah.hr\/en\/wp-json\/wp\/v2\/pages"}],"about":[{"href":"https:\/\/www.hah.hr\/en\/wp-json\/wp\/v2\/types\/page"}],"author":[{"embeddable":true,"href":"https:\/\/www.hah.hr\/en\/wp-json\/wp\/v2\/users\/1"}],"replies":[{"embeddable":true,"href":"https:\/\/www.hah.hr\/en\/wp-json\/wp\/v2\/comments?post=1083"}],"version-history":[{"count":2,"href":"https:\/\/www.hah.hr\/en\/wp-json\/wp\/v2\/pages\/1083\/revisions"}],"predecessor-version":[{"id":1320,"href":"https:\/\/www.hah.hr\/en\/wp-json\/wp\/v2\/pages\/1083\/revisions\/1320"}],"up":[{"embeddable":true,"href":"https:\/\/www.hah.hr\/en\/wp-json\/wp\/v2\/pages\/128"}],"wp:attachment":[{"href":"https:\/\/www.hah.hr\/en\/wp-json\/wp\/v2\/media?parent=1083"}],"curies":[{"name":"wp","href":"https:\/\/api.w.org\/{rel}","templated":true}]}}