{"id":1081,"date":"2015-03-11T08:33:10","date_gmt":"2015-03-11T07:33:10","guid":{"rendered":"http:\/\/www.hah.hr\/?page_id=1081"},"modified":"2018-11-06T10:47:41","modified_gmt":"2018-11-06T09:47:41","slug":"zitarice-brasno-i-proizvodi-od-brasna","status":"publish","type":"page","link":"https:\/\/www.hah.hr\/en\/sigurnost-hrane\/zakonska-regulativa-2\/zitarice-brasno-i-proizvodi-od-brasna\/","title":{"rendered":"\u017ditarice, bra\u0161no i proizvodi od bra\u0161na&#8230;."},"content":{"rendered":"<p class=\"qtranxs-available-languages-message qtranxs-available-languages-message-en\">Sorry, this entry is only available in english.<\/p>","protected":false},"excerpt":{"rendered":"","protected":false},"author":1,"featured_media":0,"parent":1291,"menu_order":10,"comment_status":"closed","ping_status":"closed","template":"","meta":[],"_links":{"self":[{"href":"https:\/\/www.hah.hr\/en\/wp-json\/wp\/v2\/pages\/1081"}],"collection":[{"href":"https:\/\/www.hah.hr\/en\/wp-json\/wp\/v2\/pages"}],"about":[{"href":"https:\/\/www.hah.hr\/en\/wp-json\/wp\/v2\/types\/page"}],"author":[{"embeddable":true,"href":"https:\/\/www.hah.hr\/en\/wp-json\/wp\/v2\/users\/1"}],"replies":[{"embeddable":true,"href":"https:\/\/www.hah.hr\/en\/wp-json\/wp\/v2\/comments?post=1081"}],"version-history":[{"count":2,"href":"https:\/\/www.hah.hr\/en\/wp-json\/wp\/v2\/pages\/1081\/revisions"}],"predecessor-version":[{"id":1323,"href":"https:\/\/www.hah.hr\/en\/wp-json\/wp\/v2\/pages\/1081\/revisions\/1323"}],"up":[{"embeddable":true,"href":"https:\/\/www.hah.hr\/en\/wp-json\/wp\/v2\/pages\/1291"}],"wp:attachment":[{"href":"https:\/\/www.hah.hr\/en\/wp-json\/wp\/v2\/media?parent=1081"}],"curies":[{"name":"wp","href":"https:\/\/api.w.org\/{rel}","templated":true}]}}